{"id":2534,"date":"2025-07-31T05:04:40","date_gmt":"2025-07-31T11:04:40","guid":{"rendered":"https:\/\/conexionministerios.org\/?page_id=2534"},"modified":"2025-07-31T06:07:55","modified_gmt":"2025-07-31T12:07:55","slug":"conferencia-equipando","status":"publish","type":"page","link":"https:\/\/conexionministerios.org\/en\/conferencia-equipando\/","title":{"rendered":"conferencia equipando"},"content":{"rendered":"<div data-elementor-type=\"wp-page\" data-elementor-id=\"2534\" class=\"elementor elementor-2534\" data-elementor-post-type=\"page\">\n\t\t\t\t<div class=\"elementor-element elementor-element-475257b e-flex e-con-boxed e-con e-parent\" data-id=\"475257b\" data-element_type=\"container\">\n\t\t\t\t\t<div class=\"e-con-inner\">\n\t\t\t\t<div class=\"elementor-element elementor-element-e7fe373 elementor-widget elementor-widget-image\" data-id=\"e7fe373\" data-element_type=\"widget\" data-widget_type=\"image.default\">\n\t\t\t\t<div class=\"elementor-widget-container\">\n\t\t\t\t\t\t\t\t\t\t\t\t\t\t\t<img fetchpriority=\"high\" decoding=\"async\" width=\"1024\" height=\"576\" src=\"https:\/\/conexionministerios.org\/wp-content\/uploads\/2025\/07\/1-1024x576.png\" class=\"attachment-large size-large wp-image-2542\" alt=\"\" srcset=\"https:\/\/conexionministerios.org\/wp-content\/uploads\/2025\/07\/1-1024x576.png 1024w, https:\/\/conexionministerios.org\/wp-content\/uploads\/2025\/07\/1-300x169.png 300w, https:\/\/conexionministerios.org\/wp-content\/uploads\/2025\/07\/1-768x432.png 768w, https:\/\/conexionministerios.org\/wp-content\/uploads\/2025\/07\/1-1536x864.png 1536w, https:\/\/conexionministerios.org\/wp-content\/uploads\/2025\/07\/1-18x10.png 18w, https:\/\/conexionministerios.org\/wp-content\/uploads\/2025\/07\/1.png 1920w\" sizes=\"(max-width: 1024px) 100vw, 1024px\" \/>\t\t\t\t\t\t\t\t\t\t\t\t\t\t\t<\/div>\n\t\t\t\t<\/div>\n\t\t\t\t\t<\/div>\n\t\t\t\t<\/div>\n\t\t<div class=\"elementor-element elementor-element-8b06389 e-flex e-con-boxed e-con e-parent\" data-id=\"8b06389\" data-element_type=\"container\">\n\t\t\t\t\t<div class=\"e-con-inner\">\n\t\t\t\t<div class=\"elementor-element elementor-element-4e07287 elementor-widget elementor-widget-heading\" data-id=\"4e07287\" data-element_type=\"widget\" data-widget_type=\"heading.default\">\n\t\t\t\t<div class=\"elementor-widget-container\">\n\t\t\t\t\t<h2 class=\"elementor-heading-title elementor-size-default\">\u00a1Por favor, vea este video!<\/h2>\t\t\t\t<\/div>\n\t\t\t\t<\/div>\n\t\t\t\t<div class=\"elementor-element elementor-element-378c686 elementor-widget elementor-widget-video\" data-id=\"378c686\" data-element_type=\"widget\" data-settings=\"{&quot;video_type&quot;:&quot;hosted&quot;,&quot;controls&quot;:&quot;yes&quot;}\" data-widget_type=\"video.default\">\n\t\t\t\t<div class=\"elementor-widget-container\">\n\t\t\t\t\t\t\t<div class=\"e-hosted-video elementor-wrapper elementor-open-inline\">\n\t\t\t\t\t<video class=\"elementor-video\" src=\"https:\/\/conexionministerios.org\/wp-content\/uploads\/2025\/07\/Conferencia-Equipando-2025.mp4\" controls=\"\" preload=\"metadata\" controlslist=\"nodownload\"><\/video>\n\t\t\t\t<\/div>\n\t\t\t\t\t\t<\/div>\n\t\t\t\t<\/div>\n\t\t\t\t\t<\/div>\n\t\t\t\t<\/div>\n\t\t<div class=\"elementor-element elementor-element-5c29750 e-flex e-con-boxed e-con e-parent\" data-id=\"5c29750\" data-element_type=\"container\">\n\t\t\t\t\t<div class=\"e-con-inner\">\n\t\t\t\t<div class=\"elementor-element elementor-element-807e716 elementor-widget elementor-widget-image\" data-id=\"807e716\" data-element_type=\"widget\" data-widget_type=\"image.default\">\n\t\t\t\t<div class=\"elementor-widget-container\">\n\t\t\t\t\t\t\t\t\t\t\t\t\t\t\t<img decoding=\"async\" width=\"1024\" height=\"576\" src=\"https:\/\/conexionministerios.org\/wp-content\/uploads\/2025\/07\/2-1-1024x576.png\" class=\"attachment-large size-large wp-image-2543\" alt=\"\" srcset=\"https:\/\/conexionministerios.org\/wp-content\/uploads\/2025\/07\/2-1-1024x576.png 1024w, https:\/\/conexionministerios.org\/wp-content\/uploads\/2025\/07\/2-1-300x169.png 300w, https:\/\/conexionministerios.org\/wp-content\/uploads\/2025\/07\/2-1-768x432.png 768w, https:\/\/conexionministerios.org\/wp-content\/uploads\/2025\/07\/2-1-1536x864.png 1536w, https:\/\/conexionministerios.org\/wp-content\/uploads\/2025\/07\/2-1-18x10.png 18w, https:\/\/conexionministerios.org\/wp-content\/uploads\/2025\/07\/2-1.png 1920w\" sizes=\"(max-width: 1024px) 100vw, 1024px\" \/>\t\t\t\t\t\t\t\t\t\t\t\t\t\t\t<\/div>\n\t\t\t\t<\/div>\n\t\t\t\t<div class=\"elementor-element elementor-element-5b50b9b elementor-widget elementor-widget-image\" data-id=\"5b50b9b\" data-element_type=\"widget\" data-widget_type=\"image.default\">\n\t\t\t\t<div class=\"elementor-widget-container\">\n\t\t\t\t\t\t\t\t\t\t\t\t\t\t\t<img decoding=\"async\" width=\"1024\" height=\"576\" src=\"https:\/\/conexionministerios.org\/wp-content\/uploads\/2025\/07\/3-1024x576.png\" class=\"attachment-large size-large wp-image-2544\" alt=\"\" srcset=\"https:\/\/conexionministerios.org\/wp-content\/uploads\/2025\/07\/3-1024x576.png 1024w, https:\/\/conexionministerios.org\/wp-content\/uploads\/2025\/07\/3-300x169.png 300w, https:\/\/conexionministerios.org\/wp-content\/uploads\/2025\/07\/3-768x432.png 768w, https:\/\/conexionministerios.org\/wp-content\/uploads\/2025\/07\/3-1536x864.png 1536w, https:\/\/conexionministerios.org\/wp-content\/uploads\/2025\/07\/3-18x10.png 18w, https:\/\/conexionministerios.org\/wp-content\/uploads\/2025\/07\/3.png 1920w\" sizes=\"(max-width: 1024px) 100vw, 1024px\" \/>\t\t\t\t\t\t\t\t\t\t\t\t\t\t\t<\/div>\n\t\t\t\t<\/div>\n\t\t\t\t<div class=\"elementor-element elementor-element-58d7ff2 elementor-widget elementor-widget-image\" data-id=\"58d7ff2\" data-element_type=\"widget\" data-widget_type=\"image.default\">\n\t\t\t\t<div class=\"elementor-widget-container\">\n\t\t\t\t\t\t\t\t\t\t\t\t\t\t\t<img loading=\"lazy\" decoding=\"async\" width=\"1024\" height=\"576\" src=\"https:\/\/conexionministerios.org\/wp-content\/uploads\/2025\/07\/4-1024x576.png\" class=\"attachment-large size-large wp-image-2545\" alt=\"\" srcset=\"https:\/\/conexionministerios.org\/wp-content\/uploads\/2025\/07\/4-1024x576.png 1024w, https:\/\/conexionministerios.org\/wp-content\/uploads\/2025\/07\/4-300x169.png 300w, https:\/\/conexionministerios.org\/wp-content\/uploads\/2025\/07\/4-768x432.png 768w, https:\/\/conexionministerios.org\/wp-content\/uploads\/2025\/07\/4-1536x864.png 1536w, https:\/\/conexionministerios.org\/wp-content\/uploads\/2025\/07\/4-18x10.png 18w, https:\/\/conexionministerios.org\/wp-content\/uploads\/2025\/07\/4.png 1920w\" sizes=\"(max-width: 1024px) 100vw, 1024px\" \/>\t\t\t\t\t\t\t\t\t\t\t\t\t\t\t<\/div>\n\t\t\t\t<\/div>\n\t\t\t\t<div class=\"elementor-element elementor-element-76b4a83 elementor-widget elementor-widget-image\" data-id=\"76b4a83\" data-element_type=\"widget\" data-widget_type=\"image.default\">\n\t\t\t\t<div class=\"elementor-widget-container\">\n\t\t\t\t\t\t\t\t\t\t\t\t\t\t\t<img loading=\"lazy\" decoding=\"async\" width=\"1024\" height=\"576\" src=\"https:\/\/conexionministerios.org\/wp-content\/uploads\/2025\/07\/5-1024x576.png\" class=\"attachment-large size-large wp-image-2546\" alt=\"\" srcset=\"https:\/\/conexionministerios.org\/wp-content\/uploads\/2025\/07\/5-1024x576.png 1024w, https:\/\/conexionministerios.org\/wp-content\/uploads\/2025\/07\/5-300x169.png 300w, https:\/\/conexionministerios.org\/wp-content\/uploads\/2025\/07\/5-768x432.png 768w, https:\/\/conexionministerios.org\/wp-content\/uploads\/2025\/07\/5-1536x864.png 1536w, https:\/\/conexionministerios.org\/wp-content\/uploads\/2025\/07\/5-18x10.png 18w, https:\/\/conexionministerios.org\/wp-content\/uploads\/2025\/07\/5.png 1920w\" sizes=\"(max-width: 1024px) 100vw, 1024px\" \/>\t\t\t\t\t\t\t\t\t\t\t\t\t\t\t<\/div>\n\t\t\t\t<\/div>\n\t\t\t\t\t<\/div>\n\t\t\t\t<\/div>\n\t\t<div class=\"elementor-element elementor-element-9419b44 e-flex e-con-boxed e-con e-parent\" data-id=\"9419b44\" data-element_type=\"container\">\n\t\t\t\t\t<div class=\"e-con-inner\">\n\t\t<div class=\"elementor-element elementor-element-18202b8 e-con-full e-flex e-con e-child\" data-id=\"18202b8\" data-element_type=\"container\">\n\t\t\t\t<div class=\"elementor-element elementor-element-b5b923d elementor-widget elementor-widget-heading\" data-id=\"b5b923d\" data-element_type=\"widget\" data-widget_type=\"heading.default\">\n\t\t\t\t<div class=\"elementor-widget-container\">\n\t\t\t\t\t<h2 class=\"elementor-heading-title elementor-size-default\">\u00a1Inscr\u00edebete ahora!<\/h2>\t\t\t\t<\/div>\n\t\t\t\t<\/div>\n\t\t\t\t<\/div>\n\t\t<div class=\"elementor-element elementor-element-65decfd e-con-full e-flex e-con e-child\" data-id=\"65decfd\" data-element_type=\"container\">\n\t\t\t\t<div class=\"elementor-element elementor-element-33f976e elementor-align-center elementor-widget elementor-widget-button\" data-id=\"33f976e\" data-element_type=\"widget\" data-widget_type=\"button.default\">\n\t\t\t\t<div class=\"elementor-widget-container\">\n\t\t\t\t\t\t\t\t\t<div class=\"elementor-button-wrapper\">\n\t\t\t\t\t<a class=\"elementor-button elementor-button-link elementor-size-sm elementor-animation-grow\" href=\"http:\/\/conferencia.equipando.org\">\n\t\t\t\t\t\t<span class=\"elementor-button-content-wrapper\">\n\t\t\t\t\t\t\t\t\t<span class=\"elementor-button-text\">Click aqu\u00ed<\/span>\n\t\t\t\t\t<\/span>\n\t\t\t\t\t<\/a>\n\t\t\t\t<\/div>\n\t\t\t\t\t\t\t\t<\/div>\n\t\t\t\t<\/div>\n\t\t\t\t<\/div>\n\t\t\t\t\t<\/div>\n\t\t\t\t<\/div>\n\t\t<div class=\"elementor-element elementor-element-d7fc439 e-flex e-con-boxed e-con e-parent\" data-id=\"d7fc439\" data-element_type=\"container\">\n\t\t\t\t\t<div class=\"e-con-inner\">\n\t\t\t\t<div class=\"elementor-element elementor-element-36d410f elementor-widget elementor-widget-image\" data-id=\"36d410f\" data-element_type=\"widget\" data-widget_type=\"image.default\">\n\t\t\t\t<div class=\"elementor-widget-container\">\n\t\t\t\t\t\t\t\t\t\t\t\t\t\t\t<img loading=\"lazy\" decoding=\"async\" width=\"1024\" height=\"576\" src=\"https:\/\/conexionministerios.org\/wp-content\/uploads\/2025\/07\/7-1024x576.png\" class=\"attachment-large size-large wp-image-2548\" alt=\"\" srcset=\"https:\/\/conexionministerios.org\/wp-content\/uploads\/2025\/07\/7-1024x576.png 1024w, https:\/\/conexionministerios.org\/wp-content\/uploads\/2025\/07\/7-300x169.png 300w, https:\/\/conexionministerios.org\/wp-content\/uploads\/2025\/07\/7-768x432.png 768w, https:\/\/conexionministerios.org\/wp-content\/uploads\/2025\/07\/7-1536x864.png 1536w, https:\/\/conexionministerios.org\/wp-content\/uploads\/2025\/07\/7-18x10.png 18w, https:\/\/conexionministerios.org\/wp-content\/uploads\/2025\/07\/7.png 1920w\" sizes=\"(max-width: 1024px) 100vw, 1024px\" \/>\t\t\t\t\t\t\t\t\t\t\t\t\t\t\t<\/div>\n\t\t\t\t<\/div>\n\t\t\t\t<div class=\"elementor-element elementor-element-620afe6 elementor-widget elementor-widget-image\" data-id=\"620afe6\" data-element_type=\"widget\" data-widget_type=\"image.default\">\n\t\t\t\t<div class=\"elementor-widget-container\">\n\t\t\t\t\t\t\t\t\t\t\t\t\t\t\t<img loading=\"lazy\" decoding=\"async\" width=\"1024\" height=\"576\" src=\"https:\/\/conexionministerios.org\/wp-content\/uploads\/2025\/07\/8-1024x576.png\" class=\"attachment-large size-large wp-image-2549\" alt=\"\" srcset=\"https:\/\/conexionministerios.org\/wp-content\/uploads\/2025\/07\/8-1024x576.png 1024w, https:\/\/conexionministerios.org\/wp-content\/uploads\/2025\/07\/8-300x169.png 300w, https:\/\/conexionministerios.org\/wp-content\/uploads\/2025\/07\/8-768x432.png 768w, https:\/\/conexionministerios.org\/wp-content\/uploads\/2025\/07\/8-1536x864.png 1536w, https:\/\/conexionministerios.org\/wp-content\/uploads\/2025\/07\/8-18x10.png 18w, https:\/\/conexionministerios.org\/wp-content\/uploads\/2025\/07\/8.png 1920w\" sizes=\"(max-width: 1024px) 100vw, 1024px\" \/>\t\t\t\t\t\t\t\t\t\t\t\t\t\t\t<\/div>\n\t\t\t\t<\/div>\n\t\t\t\t<div class=\"elementor-element elementor-element-67f4b6a elementor-align-center elementor-widget elementor-widget-button\" data-id=\"67f4b6a\" data-element_type=\"widget\" data-widget_type=\"button.default\">\n\t\t\t\t<div class=\"elementor-widget-container\">\n\t\t\t\t\t\t\t\t\t<div class=\"elementor-button-wrapper\">\n\t\t\t\t\t<a class=\"elementor-button elementor-button-link elementor-size-sm elementor-animation-grow\" href=\"http:\/\/wa.me\/50238884388\">\n\t\t\t\t\t\t<span class=\"elementor-button-content-wrapper\">\n\t\t\t\t\t\t<span class=\"elementor-button-icon\">\n\t\t\t\t<i aria-hidden=\"true\" class=\"fab fa-whatsapp\"><\/i>\t\t\t<\/span>\n\t\t\t\t\t\t\t\t\t<span class=\"elementor-button-text\">Cont\u00e1ctanos<\/span>\n\t\t\t\t\t<\/span>\n\t\t\t\t\t<\/a>\n\t\t\t\t<\/div>\n\t\t\t\t\t\t\t\t<\/div>\n\t\t\t\t<\/div>\n\t\t\t\t<div class=\"elementor-element elementor-element-3af873e elementor-widget elementor-widget-image\" data-id=\"3af873e\" data-element_type=\"widget\" data-widget_type=\"image.default\">\n\t\t\t\t<div class=\"elementor-widget-container\">\n\t\t\t\t\t\t\t\t\t\t\t\t\t\t\t<img loading=\"lazy\" decoding=\"async\" width=\"1024\" height=\"576\" src=\"https:\/\/conexionministerios.org\/wp-content\/uploads\/2025\/07\/10-1024x576.png\" class=\"attachment-large size-large wp-image-2551\" alt=\"\" srcset=\"https:\/\/conexionministerios.org\/wp-content\/uploads\/2025\/07\/10-1024x576.png 1024w, https:\/\/conexionministerios.org\/wp-content\/uploads\/2025\/07\/10-300x169.png 300w, https:\/\/conexionministerios.org\/wp-content\/uploads\/2025\/07\/10-768x432.png 768w, https:\/\/conexionministerios.org\/wp-content\/uploads\/2025\/07\/10-1536x864.png 1536w, https:\/\/conexionministerios.org\/wp-content\/uploads\/2025\/07\/10-18x10.png 18w, https:\/\/conexionministerios.org\/wp-content\/uploads\/2025\/07\/10.png 1920w\" sizes=\"(max-width: 1024px) 100vw, 1024px\" \/>\t\t\t\t\t\t\t\t\t\t\t\t\t\t\t<\/div>\n\t\t\t\t<\/div>\n\t\t\t\t\t<\/div>\n\t\t\t\t<\/div>\n\t\t\t\t<\/div>","protected":false},"excerpt":{"rendered":"<p>\u00a1Por favor, vea este video! https:\/\/conexionministerios.org\/wp-content\/uploads\/2025\/07\/Conferencia-Equipando-2025.mp4 \u00a1Inscr\u00edebete ahora! Click aqu\u00ed Cont\u00e1ctanos<\/p>","protected":false},"author":1,"featured_media":0,"parent":0,"menu_order":0,"comment_status":"closed","ping_status":"closed","template":"elementor_canvas","meta":{"site-sidebar-layout":"no-sidebar","site-content-layout":"","ast-site-content-layout":"full-width-container","site-content-style":"default","site-sidebar-style":"default","ast-global-header-display":"","ast-banner-title-visibility":"","ast-main-header-display":"","ast-hfb-above-header-display":"","ast-hfb-below-header-display":"","ast-hfb-mobile-header-display":"","site-post-title":"disabled","ast-breadcrumbs-content":"","ast-featured-img":"disabled","footer-sml-layout":"","theme-transparent-header-meta":"","adv-header-id-meta":"","stick-header-meta":"","header-above-stick-meta":"","header-main-stick-meta":"","header-below-stick-meta":"","astra-migrate-meta-layouts":"default","ast-page-background-enabled":"default","ast-page-background-meta":{"desktop":{"background-color":"var(--ast-global-color-5)","background-image":"","background-repeat":"repeat","background-position":"center center","background-size":"auto","background-attachment":"scroll","background-type":"","background-media":"","overlay-type":"","overlay-color":"","overlay-opacity":"","overlay-gradient":""},"tablet":{"background-color":"","background-image":"","background-repeat":"repeat","background-position":"center center","background-size":"auto","background-attachment":"scroll","background-type":"","background-media":"","overlay-type":"","overlay-color":"","overlay-opacity":"","overlay-gradient":""},"mobile":{"background-color":"","background-image":"","background-repeat":"repeat","background-position":"center center","background-size":"auto","background-attachment":"scroll","background-type":"","background-media":"","overlay-type":"","overlay-color":"","overlay-opacity":"","overlay-gradient":""}},"ast-content-background-meta":{"desktop":{"background-color":"var(--ast-global-color-4)","background-image":"","background-repeat":"repeat","background-position":"center center","background-size":"auto","background-attachment":"scroll","background-type":"","background-media":"","overlay-type":"","overlay-color":"","overlay-opacity":"","overlay-gradient":""},"tablet":{"background-color":"var(--ast-global-color-4)","background-image":"","background-repeat":"repeat","background-position":"center center","background-size":"auto","background-attachment":"scroll","background-type":"","background-media":"","overlay-type":"","overlay-color":"","overlay-opacity":"","overlay-gradient":""},"mobile":{"background-color":"var(--ast-global-color-4)","background-image":"","background-repeat":"repeat","background-position":"center center","background-size":"auto","background-attachment":"scroll","background-type":"","background-media":"","overlay-type":"","overlay-color":"","overlay-opacity":"","overlay-gradient":""}},"footnotes":""},"class_list":["post-2534","page","type-page","status-publish","hentry"],"_links":{"self":[{"href":"https:\/\/conexionministerios.org\/en\/wp-json\/wp\/v2\/pages\/2534","targetHints":{"allow":["GET"]}}],"collection":[{"href":"https:\/\/conexionministerios.org\/en\/wp-json\/wp\/v2\/pages"}],"about":[{"href":"https:\/\/conexionministerios.org\/en\/wp-json\/wp\/v2\/types\/page"}],"author":[{"embeddable":true,"href":"https:\/\/conexionministerios.org\/en\/wp-json\/wp\/v2\/users\/1"}],"replies":[{"embeddable":true,"href":"https:\/\/conexionministerios.org\/en\/wp-json\/wp\/v2\/comments?post=2534"}],"version-history":[{"count":16,"href":"https:\/\/conexionministerios.org\/en\/wp-json\/wp\/v2\/pages\/2534\/revisions"}],"predecessor-version":[{"id":2563,"href":"https:\/\/conexionministerios.org\/en\/wp-json\/wp\/v2\/pages\/2534\/revisions\/2563"}],"wp:attachment":[{"href":"https:\/\/conexionministerios.org\/en\/wp-json\/wp\/v2\/media?parent=2534"}],"curies":[{"name":"wp","href":"https:\/\/api.w.org\/{rel}","templated":true}]}}